{"id":103,"date":"2024-01-26T16:28:43","date_gmt":"2024-01-26T15:28:43","guid":{"rendered":"https:\/\/www.pierre-le-cycliste.fr\/?page_id=103"},"modified":"2024-02-04T15:13:22","modified_gmt":"2024-02-04T14:13:22","slug":"2019-3-maroc-pdf","status":"publish","type":"page","link":"https:\/\/www.pierre-le-cycliste.fr\/index.php\/2019-3-maroc-pdf\/","title":{"rendered":"2019-3-Maroc"},"content":{"rendered":"<p><img loading=\"lazy\" decoding=\"async\" src=\"https:\/\/www.pierre-le-cycliste.fr\/wp-content\/uploads\/2024\/02\/Carte-parcours-Maroc.jpg\" alt=\"\" width=\"608\" height=\"461\" class=\"alignnone size-full wp-image-349\" srcset=\"https:\/\/www.pierre-le-cycliste.fr\/wp-content\/uploads\/2024\/02\/Carte-parcours-Maroc.jpg 608w, https:\/\/www.pierre-le-cycliste.fr\/wp-content\/uploads\/2024\/02\/Carte-parcours-Maroc-300x227.jpg 300w\" sizes=\"auto, (max-width: 608px) 100vw, 608px\" \/><\/p>\n<p>T\u00e9l\u00e9charger <a href=\"https:\/\/www.pierre-le-cycliste.fr\/voyages\/2019-3-Maroc.pdf\">le fichier 2019-3-Maroc<\/a> <\/a>, gros fichier de 335 Mo<\/p>\n<p>T\u00e9l\u00e9charger <a href=\"https:\/\/www.pierre-le-cycliste.fr\/voyages\/2019-3-Maroc-sans-bonus.pdf\">le fichier 2019-3-Maroc-sans-bonus<\/a> <\/a>, un fichier plus petit de 191 Mo sans les bonus (des photos d&rsquo;un voyage au Maroc en 1978).<\/p>\n<p>2019-3-Maroc-sans-bonus.pdf<\/p>\n","protected":false},"excerpt":{"rendered":"<p>T\u00e9l\u00e9charger le fichier 2019-3-Maroc , gros fichier de 335 Mo T\u00e9l\u00e9charger le fichier 2019-3-Maroc-sans-bonus , un fichier plus petit de 191 Mo sans les bonus (des photos d&rsquo;un voyage au Maroc en 1978). 2019-3-Maroc-sans-bonus.pdf<\/p>\n","protected":false},"author":1,"featured_media":0,"parent":0,"menu_order":0,"comment_status":"closed","ping_status":"closed","template":"","meta":{"footnotes":""},"class_list":["post-103","page","type-page","status-publish","hentry"],"_links":{"self":[{"href":"https:\/\/www.pierre-le-cycliste.fr\/index.php\/wp-json\/wp\/v2\/pages\/103","targetHints":{"allow":["GET"]}}],"collection":[{"href":"https:\/\/www.pierre-le-cycliste.fr\/index.php\/wp-json\/wp\/v2\/pages"}],"about":[{"href":"https:\/\/www.pierre-le-cycliste.fr\/index.php\/wp-json\/wp\/v2\/types\/page"}],"author":[{"embeddable":true,"href":"https:\/\/www.pierre-le-cycliste.fr\/index.php\/wp-json\/wp\/v2\/users\/1"}],"replies":[{"embeddable":true,"href":"https:\/\/www.pierre-le-cycliste.fr\/index.php\/wp-json\/wp\/v2\/comments?post=103"}],"version-history":[{"count":6,"href":"https:\/\/www.pierre-le-cycliste.fr\/index.php\/wp-json\/wp\/v2\/pages\/103\/revisions"}],"predecessor-version":[{"id":351,"href":"https:\/\/www.pierre-le-cycliste.fr\/index.php\/wp-json\/wp\/v2\/pages\/103\/revisions\/351"}],"wp:attachment":[{"href":"https:\/\/www.pierre-le-cycliste.fr\/index.php\/wp-json\/wp\/v2\/media?parent=103"}],"curies":[{"name":"wp","href":"https:\/\/api.w.org\/{rel}","templated":true}]}}