{"id":119,"date":"2024-01-26T16:49:12","date_gmt":"2024-01-26T15:49:12","guid":{"rendered":"https:\/\/www.pierre-le-cycliste.fr\/?page_id=119"},"modified":"2024-02-04T07:53:04","modified_gmt":"2024-02-04T06:53:04","slug":"2022-3-viree-pyrenenne","status":"publish","type":"page","link":"https:\/\/www.pierre-le-cycliste.fr\/index.php\/2022-3-viree-pyrenenne\/","title":{"rendered":"2022-3-Viree-pyrenenne"},"content":{"rendered":"<p><img loading=\"lazy\" decoding=\"async\" src=\"https:\/\/www.pierre-le-cycliste.fr\/wp-content\/uploads\/2024\/02\/Viree-Pyreneenne.jpg\" alt=\"\" width=\"908\" height=\"531\" class=\"alignnone size-full wp-image-330\" srcset=\"https:\/\/www.pierre-le-cycliste.fr\/wp-content\/uploads\/2024\/02\/Viree-Pyreneenne.jpg 908w, https:\/\/www.pierre-le-cycliste.fr\/wp-content\/uploads\/2024\/02\/Viree-Pyreneenne-300x175.jpg 300w, https:\/\/www.pierre-le-cycliste.fr\/wp-content\/uploads\/2024\/02\/Viree-Pyreneenne-768x449.jpg 768w\" sizes=\"auto, (max-width: 908px) 100vw, 908px\" \/><\/p>\n<p>Vir\u00e9e pyr\u00e9n\u00e9enne, du 16 au 22 ao\u00fbt 2022, de Pau \u00e0 Tarbes avec les cols de Bouesou, Marie-Blanque, Aubisque, Tourmalet, Hourquette de Ancizan et Aspin.<\/p>\n<p>T\u00e9l\u00e9charger <a href=\"https:\/\/www.pierre-le-cycliste.fr\/voyages\/2022-3-Viree-pyrenenne.pdf\">le fichier 2022-3-Viree-pyrenenne<\/a> <\/a>, gros fichier de 38 Mo<\/p>\n","protected":false},"excerpt":{"rendered":"<p>Vir\u00e9e pyr\u00e9n\u00e9enne, du 16 au 22 ao\u00fbt 2022, de Pau \u00e0 Tarbes avec les cols de Bouesou, Marie-Blanque, Aubisque, Tourmalet, Hourquette de Ancizan et Aspin. T\u00e9l\u00e9charger le fichier 2022-3-Viree-pyrenenne , gros fichier de 38 Mo<\/p>\n","protected":false},"author":1,"featured_media":0,"parent":0,"menu_order":0,"comment_status":"closed","ping_status":"closed","template":"","meta":{"footnotes":""},"class_list":["post-119","page","type-page","status-publish","hentry"],"_links":{"self":[{"href":"https:\/\/www.pierre-le-cycliste.fr\/index.php\/wp-json\/wp\/v2\/pages\/119","targetHints":{"allow":["GET"]}}],"collection":[{"href":"https:\/\/www.pierre-le-cycliste.fr\/index.php\/wp-json\/wp\/v2\/pages"}],"about":[{"href":"https:\/\/www.pierre-le-cycliste.fr\/index.php\/wp-json\/wp\/v2\/types\/page"}],"author":[{"embeddable":true,"href":"https:\/\/www.pierre-le-cycliste.fr\/index.php\/wp-json\/wp\/v2\/users\/1"}],"replies":[{"embeddable":true,"href":"https:\/\/www.pierre-le-cycliste.fr\/index.php\/wp-json\/wp\/v2\/comments?post=119"}],"version-history":[{"count":3,"href":"https:\/\/www.pierre-le-cycliste.fr\/index.php\/wp-json\/wp\/v2\/pages\/119\/revisions"}],"predecessor-version":[{"id":331,"href":"https:\/\/www.pierre-le-cycliste.fr\/index.php\/wp-json\/wp\/v2\/pages\/119\/revisions\/331"}],"wp:attachment":[{"href":"https:\/\/www.pierre-le-cycliste.fr\/index.php\/wp-json\/wp\/v2\/media?parent=119"}],"curies":[{"name":"wp","href":"https:\/\/api.w.org\/{rel}","templated":true}]}}