{"id":2258,"date":"2024-05-08T20:27:42","date_gmt":"2024-05-08T18:27:42","guid":{"rendered":"https:\/\/www.pierre-le-cycliste.fr\/?page_id=2258"},"modified":"2024-05-08T20:28:30","modified_gmt":"2024-05-08T18:28:30","slug":"sejour-velo-sur-la-costa-brava","status":"publish","type":"page","link":"https:\/\/www.pierre-le-cycliste.fr\/index.php\/sejour-velo-sur-la-costa-brava\/","title":{"rendered":"2024-5-S\u00e9jour V\u00e9lo sur la Costa Brava"},"content":{"rendered":"<p><img loading=\"lazy\" decoding=\"async\" src=\"https:\/\/www.pierre-le-cycliste.fr\/wp-content\/uploads\/2024\/05\/Journal-du-sejour-velo-sur-la-Costa-Brava-du-4-au-16-avri-2024.jpg\" alt=\"\" width=\"471\" height=\"757\" class=\"alignnone size-full wp-image-2259\" srcset=\"https:\/\/www.pierre-le-cycliste.fr\/wp-content\/uploads\/2024\/05\/Journal-du-sejour-velo-sur-la-Costa-Brava-du-4-au-16-avri-2024.jpg 471w, https:\/\/www.pierre-le-cycliste.fr\/wp-content\/uploads\/2024\/05\/Journal-du-sejour-velo-sur-la-Costa-Brava-du-4-au-16-avri-2024-187x300.jpg 187w\" sizes=\"auto, (max-width: 471px) 100vw, 471px\" \/><\/p>\n<p>T\u00e9l\u00e9charger <a href=\"https:\/\/www.pierre-le-cycliste.fr\/voyages\/2024-5-S\u00e9jour-v\u00e9lo-sur-la-Costa-Brava.pdf\">Journal du s\u00e9jour v\u00e9lo sur la Costa Brava du 4 au 16 avril 2024<\/a> : 72 Mo<\/p>\n","protected":false},"excerpt":{"rendered":"<p>T\u00e9l\u00e9charger Journal du s\u00e9jour v\u00e9lo sur la Costa Brava du 4 au 16 avril 2024 : 72 Mo<\/p>\n","protected":false},"author":1,"featured_media":0,"parent":0,"menu_order":0,"comment_status":"closed","ping_status":"closed","template":"","meta":{"footnotes":""},"class_list":["post-2258","page","type-page","status-publish","hentry"],"_links":{"self":[{"href":"https:\/\/www.pierre-le-cycliste.fr\/index.php\/wp-json\/wp\/v2\/pages\/2258","targetHints":{"allow":["GET"]}}],"collection":[{"href":"https:\/\/www.pierre-le-cycliste.fr\/index.php\/wp-json\/wp\/v2\/pages"}],"about":[{"href":"https:\/\/www.pierre-le-cycliste.fr\/index.php\/wp-json\/wp\/v2\/types\/page"}],"author":[{"embeddable":true,"href":"https:\/\/www.pierre-le-cycliste.fr\/index.php\/wp-json\/wp\/v2\/users\/1"}],"replies":[{"embeddable":true,"href":"https:\/\/www.pierre-le-cycliste.fr\/index.php\/wp-json\/wp\/v2\/comments?post=2258"}],"version-history":[{"count":2,"href":"https:\/\/www.pierre-le-cycliste.fr\/index.php\/wp-json\/wp\/v2\/pages\/2258\/revisions"}],"predecessor-version":[{"id":2261,"href":"https:\/\/www.pierre-le-cycliste.fr\/index.php\/wp-json\/wp\/v2\/pages\/2258\/revisions\/2261"}],"wp:attachment":[{"href":"https:\/\/www.pierre-le-cycliste.fr\/index.php\/wp-json\/wp\/v2\/media?parent=2258"}],"curies":[{"name":"wp","href":"https:\/\/api.w.org\/{rel}","templated":true}]}}