{"id":280,"date":"2024-02-01T08:24:41","date_gmt":"2024-02-01T07:24:41","guid":{"rendered":"https:\/\/www.pierre-le-cycliste.fr\/?page_id=280"},"modified":"2024-02-04T17:21:23","modified_gmt":"2024-02-04T16:21:23","slug":"2006-2008-voyages-en-algerie","status":"publish","type":"page","link":"https:\/\/www.pierre-le-cycliste.fr\/index.php\/2006-2008-voyages-en-algerie\/","title":{"rendered":"2006-2008-Voyages-en-Alg\u00e9rie"},"content":{"rendered":"<p><img loading=\"lazy\" decoding=\"async\" src=\"https:\/\/www.pierre-le-cycliste.fr\/wp-content\/uploads\/2024\/02\/Carte-des-voyages-en-Algerie.jpg\" alt=\"\" width=\"869\" height=\"306\" class=\"alignnone size-full wp-image-374\" srcset=\"https:\/\/www.pierre-le-cycliste.fr\/wp-content\/uploads\/2024\/02\/Carte-des-voyages-en-Algerie.jpg 869w, https:\/\/www.pierre-le-cycliste.fr\/wp-content\/uploads\/2024\/02\/Carte-des-voyages-en-Algerie-300x106.jpg 300w, https:\/\/www.pierre-le-cycliste.fr\/wp-content\/uploads\/2024\/02\/Carte-des-voyages-en-Algerie-768x270.jpg 768w\" sizes=\"auto, (max-width: 869px) 100vw, 869px\" \/><\/p>\n<p>T\u00e9l\u00e9charger <a href=\"https:\/\/www.pierre-le-cycliste.fr\/voyages\/2006-2008-Voyages-en-Alg\u00e9rie.pdf\">le fichier 2006-2008-Voyages-en-Alg\u00e9rie<\/a> <\/a>, gros fichier de 97 Mo.<\/p>\n","protected":false},"excerpt":{"rendered":"<p>T\u00e9l\u00e9charger le fichier 2006-2008-Voyages-en-Alg\u00e9rie , gros fichier de 97 Mo.<\/p>\n","protected":false},"author":1,"featured_media":0,"parent":0,"menu_order":0,"comment_status":"closed","ping_status":"closed","template":"","meta":{"footnotes":""},"class_list":["post-280","page","type-page","status-publish","hentry"],"_links":{"self":[{"href":"https:\/\/www.pierre-le-cycliste.fr\/index.php\/wp-json\/wp\/v2\/pages\/280","targetHints":{"allow":["GET"]}}],"collection":[{"href":"https:\/\/www.pierre-le-cycliste.fr\/index.php\/wp-json\/wp\/v2\/pages"}],"about":[{"href":"https:\/\/www.pierre-le-cycliste.fr\/index.php\/wp-json\/wp\/v2\/types\/page"}],"author":[{"embeddable":true,"href":"https:\/\/www.pierre-le-cycliste.fr\/index.php\/wp-json\/wp\/v2\/users\/1"}],"replies":[{"embeddable":true,"href":"https:\/\/www.pierre-le-cycliste.fr\/index.php\/wp-json\/wp\/v2\/comments?post=280"}],"version-history":[{"count":3,"href":"https:\/\/www.pierre-le-cycliste.fr\/index.php\/wp-json\/wp\/v2\/pages\/280\/revisions"}],"predecessor-version":[{"id":375,"href":"https:\/\/www.pierre-le-cycliste.fr\/index.php\/wp-json\/wp\/v2\/pages\/280\/revisions\/375"}],"wp:attachment":[{"href":"https:\/\/www.pierre-le-cycliste.fr\/index.php\/wp-json\/wp\/v2\/media?parent=280"}],"curies":[{"name":"wp","href":"https:\/\/api.w.org\/{rel}","templated":true}]}}