{"id":286,"date":"2024-02-01T09:34:47","date_gmt":"2024-02-01T08:34:47","guid":{"rendered":"https:\/\/www.pierre-le-cycliste.fr\/?page_id=286"},"modified":"2024-02-26T16:32:50","modified_gmt":"2024-02-26T15:32:50","slug":"liste-de-diffusion-2","status":"publish","type":"page","link":"https:\/\/www.pierre-le-cycliste.fr\/index.php\/liste-de-diffusion-2\/","title":{"rendered":"Liste de Diffusion"},"content":{"rendered":"<p>Pour vous inscrire sur la liste de diffusion, il suffit de donner votre nom et votre adresse mail,<\/p>\n<p>et je vous inscrirai manuellement dans ma liste de diffusion.<\/p>\n<p>M\u00eame proc\u00e9d\u00e9 pour vous d\u00e9sinscrire en indiquant dans le commentaire \u00ab\u00a0merci de me d\u00e9sinscrire\u00a0\u00bb.<\/p>\n<style id=\"wpforms-css-vars-284\">\n\t\t\t\t#wpforms-284 {\n\t\t\t\t\n\t\t\t}\n\t\t\t<\/style><div class=\"wpforms-container wpforms-container-full wpforms-render-modern\" id=\"wpforms-284\"><form id=\"wpforms-form-284\" class=\"wpforms-validate wpforms-form wpforms-ajax-form\" data-formid=\"284\" method=\"post\" enctype=\"multipart\/form-data\" action=\"\/index.php\/wp-json\/wp\/v2\/pages\/286\" data-token=\"fc7c31e360e2da80eeb0ae32a984d779\" data-token-time=\"1776498057\"><noscript class=\"wpforms-error-noscript\">Veuillez activer JavaScript dans votre navigateur pour remplir ce formulaire.<\/noscript><div id=\"wpforms-error-noscript\" style=\"display: none;\">Veuillez activer JavaScript dans votre navigateur pour remplir ce formulaire.<\/div><div class=\"wpforms-field-container\"><div id=\"wpforms-284-field_0-container\" class=\"wpforms-field wpforms-field-name\" data-field-id=\"0\"><fieldset><legend class=\"wpforms-field-label\">Nom<\/legend><div class=\"wpforms-field-row wpforms-field-medium\"><div class=\"wpforms-field-row-block wpforms-first wpforms-one-half\"><input type=\"text\" id=\"wpforms-284-field_0\" class=\"wpforms-field-name-first\" name=\"wpforms[fields][0][first]\" aria-errormessage=\"wpforms-284-field_0-error\" ><label for=\"wpforms-284-field_0\" class=\"wpforms-field-sublabel after\">Pr\u00e9nom<\/label><\/div><div class=\"wpforms-field-row-block wpforms-one-half\"><input type=\"text\" id=\"wpforms-284-field_0-last\" class=\"wpforms-field-name-last\" name=\"wpforms[fields][0][last]\" aria-errormessage=\"wpforms-284-field_0-last-error\" ><label for=\"wpforms-284-field_0-last\" class=\"wpforms-field-sublabel after\">Nom<\/label><\/div><\/div><\/fieldset><\/div><div id=\"wpforms-284-field_1-container\" class=\"wpforms-field wpforms-field-email\" data-field-id=\"1\"><label class=\"wpforms-field-label\" for=\"wpforms-284-field_1\">E-mail <span class=\"wpforms-required-label\" aria-hidden=\"true\">*<\/span><\/label><input type=\"email\" id=\"wpforms-284-field_1\" class=\"wpforms-field-medium wpforms-field-required\" name=\"wpforms[fields][1]\" spellcheck=\"false\" aria-errormessage=\"wpforms-284-field_1-error\" required><\/div><div id=\"wpforms-284-field_2-container\" class=\"wpforms-field wpforms-field-textarea\" data-field-id=\"2\"><label class=\"wpforms-field-label\" for=\"wpforms-284-field_2\">Commentaire ou message<\/label><textarea id=\"wpforms-284-field_2\" class=\"wpforms-field-medium\" name=\"wpforms[fields][2]\" aria-errormessage=\"wpforms-284-field_2-error\" ><\/textarea><\/div><\/div><!-- .wpforms-field-container --><div class=\"wpforms-submit-container\" ><input type=\"hidden\" name=\"wpforms[id]\" value=\"284\"><input type=\"hidden\" name=\"page_title\" value=\"\"><input type=\"hidden\" name=\"page_url\" value=\"https:\/\/www.pierre-le-cycliste.fr\/index.php\/wp-json\/wp\/v2\/pages\/286\"><input type=\"hidden\" name=\"url_referer\" value=\"\"><button type=\"submit\" name=\"wpforms[submit]\" id=\"wpforms-submit-284\" class=\"wpforms-submit\" data-alt-text=\"Envoi...\" data-submit-text=\"Envoyer\" aria-live=\"assertive\" value=\"wpforms-submit\">Envoyer<\/button><img loading=\"lazy\" decoding=\"async\" src=\"https:\/\/www.pierre-le-cycliste.fr\/wp-content\/plugins\/wpforms-lite\/assets\/images\/submit-spin.svg\" class=\"wpforms-submit-spinner\" style=\"display: none;\" width=\"26\" height=\"26\" alt=\"Chargement en cours\"><\/div><\/form><\/div>  <!-- .wpforms-container -->\n","protected":false},"excerpt":{"rendered":"<p>Pour vous inscrire sur la liste de diffusion, il suffit de donner votre nom et votre adresse mail, et je vous inscrirai manuellement dans ma liste de diffusion. M\u00eame proc\u00e9d\u00e9 pour vous d\u00e9sinscrire en indiquant dans le commentaire \u00ab\u00a0merci de &hellip; <a href=\"https:\/\/www.pierre-le-cycliste.fr\/index.php\/liste-de-diffusion-2\/\">Continuer la lecture <span class=\"meta-nav\">&rarr;<\/span><\/a><\/p>\n","protected":false},"author":1,"featured_media":0,"parent":0,"menu_order":0,"comment_status":"closed","ping_status":"closed","template":"","meta":{"footnotes":""},"class_list":["post-286","page","type-page","status-publish","hentry"],"_links":{"self":[{"href":"https:\/\/www.pierre-le-cycliste.fr\/index.php\/wp-json\/wp\/v2\/pages\/286","targetHints":{"allow":["GET"]}}],"collection":[{"href":"https:\/\/www.pierre-le-cycliste.fr\/index.php\/wp-json\/wp\/v2\/pages"}],"about":[{"href":"https:\/\/www.pierre-le-cycliste.fr\/index.php\/wp-json\/wp\/v2\/types\/page"}],"author":[{"embeddable":true,"href":"https:\/\/www.pierre-le-cycliste.fr\/index.php\/wp-json\/wp\/v2\/users\/1"}],"replies":[{"embeddable":true,"href":"https:\/\/www.pierre-le-cycliste.fr\/index.php\/wp-json\/wp\/v2\/comments?post=286"}],"version-history":[{"count":4,"href":"https:\/\/www.pierre-le-cycliste.fr\/index.php\/wp-json\/wp\/v2\/pages\/286\/revisions"}],"predecessor-version":[{"id":294,"href":"https:\/\/www.pierre-le-cycliste.fr\/index.php\/wp-json\/wp\/v2\/pages\/286\/revisions\/294"}],"wp:attachment":[{"href":"https:\/\/www.pierre-le-cycliste.fr\/index.php\/wp-json\/wp\/v2\/media?parent=286"}],"curies":[{"name":"wp","href":"https:\/\/api.w.org\/{rel}","templated":true}]}}