{"id":306,"date":"2024-02-01T11:06:10","date_gmt":"2024-02-01T10:06:10","guid":{"rendered":"https:\/\/www.pierre-le-cycliste.fr\/?page_id=306"},"modified":"2024-02-01T11:06:10","modified_gmt":"2024-02-01T10:06:10","slug":"b-router-pour-creer-ses-parcours-velo","status":"publish","type":"page","link":"https:\/\/www.pierre-le-cycliste.fr\/index.php\/b-router-pour-creer-ses-parcours-velo\/","title":{"rendered":"B-Router pour cr\u00e9er ses parcours v\u00e9lo"},"content":{"rendered":"<p><a href=\"https:\/\/brouter.damsy.net\/latest\/#map=6\/46.860\/1.945\/standard\">B-Router<\/a> Le site id\u00e9al pour cr\u00e9er ses parcours v\u00e9lo.<\/p>\n<p>Ce site permet de cr\u00e9er des fichiers GPX t\u00e9l\u00e9chargeables ensuite dans une application de smartphone ou dans un outil GPS d\u00e9di\u00e9.<\/p>\n<p>Personnellement, j&rsquo;utilise mes fichiers GPX avec l&rsquo;application Locus Map 3 Classic sur smartphone Andro\u00efd en vente au prix de 9,99 \u20ac. La version 4 est, me semble-t-il, soumis \u00e0 une licence annuelle, mais la version 3 est d\u00e9j\u00e0 excellente (et je doute m\u00eame de l&rsquo;int\u00e9r\u00eat de ce qui a pu \u00eatre ajout\u00e9 dans la 4). <\/p>\n","protected":false},"excerpt":{"rendered":"<p>B-Router Le site id\u00e9al pour cr\u00e9er ses parcours v\u00e9lo. Ce site permet de cr\u00e9er des fichiers GPX t\u00e9l\u00e9chargeables ensuite dans une application de smartphone ou dans un outil GPS d\u00e9di\u00e9. Personnellement, j&rsquo;utilise mes fichiers GPX avec l&rsquo;application Locus Map 3 &hellip; <a href=\"https:\/\/www.pierre-le-cycliste.fr\/index.php\/b-router-pour-creer-ses-parcours-velo\/\">Continuer la lecture <span class=\"meta-nav\">&rarr;<\/span><\/a><\/p>\n","protected":false},"author":1,"featured_media":0,"parent":0,"menu_order":0,"comment_status":"closed","ping_status":"closed","template":"","meta":{"footnotes":""},"class_list":["post-306","page","type-page","status-publish","hentry"],"_links":{"self":[{"href":"https:\/\/www.pierre-le-cycliste.fr\/index.php\/wp-json\/wp\/v2\/pages\/306","targetHints":{"allow":["GET"]}}],"collection":[{"href":"https:\/\/www.pierre-le-cycliste.fr\/index.php\/wp-json\/wp\/v2\/pages"}],"about":[{"href":"https:\/\/www.pierre-le-cycliste.fr\/index.php\/wp-json\/wp\/v2\/types\/page"}],"author":[{"embeddable":true,"href":"https:\/\/www.pierre-le-cycliste.fr\/index.php\/wp-json\/wp\/v2\/users\/1"}],"replies":[{"embeddable":true,"href":"https:\/\/www.pierre-le-cycliste.fr\/index.php\/wp-json\/wp\/v2\/comments?post=306"}],"version-history":[{"count":3,"href":"https:\/\/www.pierre-le-cycliste.fr\/index.php\/wp-json\/wp\/v2\/pages\/306\/revisions"}],"predecessor-version":[{"id":309,"href":"https:\/\/www.pierre-le-cycliste.fr\/index.php\/wp-json\/wp\/v2\/pages\/306\/revisions\/309"}],"wp:attachment":[{"href":"https:\/\/www.pierre-le-cycliste.fr\/index.php\/wp-json\/wp\/v2\/media?parent=306"}],"curies":[{"name":"wp","href":"https:\/\/api.w.org\/{rel}","templated":true}]}}