{"id":5114,"date":"2025-05-25T14:51:32","date_gmt":"2025-05-25T12:51:32","guid":{"rendered":"https:\/\/www.pierre-le-cycliste.fr\/?page_id=5114"},"modified":"2025-05-25T14:53:40","modified_gmt":"2025-05-25T12:53:40","slug":"sur-les-traces-de-la-guerre-1914-1918","status":"publish","type":"page","link":"https:\/\/www.pierre-le-cycliste.fr\/index.php\/sur-les-traces-de-la-guerre-1914-1918\/","title":{"rendered":"2024-8-Sur les traces de la guerre 1914-1918"},"content":{"rendered":"<p><img loading=\"lazy\" decoding=\"async\" src=\"https:\/\/www.pierre-le-cycliste.fr\/wp-content\/uploads\/2025\/05\/Page-de-garde-Surles-traces-de-mon-grand-pere.jpg\" alt=\"\" width=\"622\" height=\"980\" class=\"alignnone size-full wp-image-5115\" srcset=\"https:\/\/www.pierre-le-cycliste.fr\/wp-content\/uploads\/2025\/05\/Page-de-garde-Surles-traces-de-mon-grand-pere.jpg 622w, https:\/\/www.pierre-le-cycliste.fr\/wp-content\/uploads\/2025\/05\/Page-de-garde-Surles-traces-de-mon-grand-pere-190x300.jpg 190w\" sizes=\"auto, (max-width: 622px) 100vw, 622px\" \/><\/p>\n<p>T\u00e9l\u00e9charger <a href=\"https:\/\/www.pierre-le-cycliste.fr\/voyages\/2024-8-Sur-les-traces-de-la-guerre-1914-1918.pdf\">Sur les traces de mon grand-p\u00e8re Fernand Benoist pendant la guerre 1914-1918<\/a> : 150 Mo<\/p>\n","protected":false},"excerpt":{"rendered":"<p>T\u00e9l\u00e9charger Sur les traces de mon grand-p\u00e8re Fernand Benoist pendant la guerre 1914-1918 : 150 Mo<\/p>\n","protected":false},"author":1,"featured_media":0,"parent":0,"menu_order":0,"comment_status":"closed","ping_status":"closed","template":"","meta":{"footnotes":""},"class_list":["post-5114","page","type-page","status-publish","hentry"],"_links":{"self":[{"href":"https:\/\/www.pierre-le-cycliste.fr\/index.php\/wp-json\/wp\/v2\/pages\/5114","targetHints":{"allow":["GET"]}}],"collection":[{"href":"https:\/\/www.pierre-le-cycliste.fr\/index.php\/wp-json\/wp\/v2\/pages"}],"about":[{"href":"https:\/\/www.pierre-le-cycliste.fr\/index.php\/wp-json\/wp\/v2\/types\/page"}],"author":[{"embeddable":true,"href":"https:\/\/www.pierre-le-cycliste.fr\/index.php\/wp-json\/wp\/v2\/users\/1"}],"replies":[{"embeddable":true,"href":"https:\/\/www.pierre-le-cycliste.fr\/index.php\/wp-json\/wp\/v2\/comments?post=5114"}],"version-history":[{"count":3,"href":"https:\/\/www.pierre-le-cycliste.fr\/index.php\/wp-json\/wp\/v2\/pages\/5114\/revisions"}],"predecessor-version":[{"id":5119,"href":"https:\/\/www.pierre-le-cycliste.fr\/index.php\/wp-json\/wp\/v2\/pages\/5114\/revisions\/5119"}],"wp:attachment":[{"href":"https:\/\/www.pierre-le-cycliste.fr\/index.php\/wp-json\/wp\/v2\/media?parent=5114"}],"curies":[{"name":"wp","href":"https:\/\/api.w.org\/{rel}","templated":true}]}}