{"id":6338,"date":"2025-07-02T06:58:25","date_gmt":"2025-07-02T04:58:25","guid":{"rendered":"https:\/\/www.pierre-le-cycliste.fr\/?page_id=6338"},"modified":"2025-07-02T06:58:25","modified_gmt":"2025-07-02T04:58:25","slug":"2024-7-velo-en-oisans","status":"publish","type":"page","link":"https:\/\/www.pierre-le-cycliste.fr\/index.php\/2024-7-velo-en-oisans\/","title":{"rendered":"2024-7-V\u00e9lo en Oisans"},"content":{"rendered":"<p><img loading=\"lazy\" decoding=\"async\" src=\"https:\/\/www.pierre-le-cycliste.fr\/wp-content\/uploads\/2025\/07\/Page-de-garde-Velo-en-Oisans.jpg\" alt=\"\" width=\"605\" height=\"839\" class=\"alignnone size-full wp-image-6339\" srcset=\"https:\/\/www.pierre-le-cycliste.fr\/wp-content\/uploads\/2025\/07\/Page-de-garde-Velo-en-Oisans.jpg 605w, https:\/\/www.pierre-le-cycliste.fr\/wp-content\/uploads\/2025\/07\/Page-de-garde-Velo-en-Oisans-216x300.jpg 216w\" sizes=\"auto, (max-width: 605px) 100vw, 605px\" \/><\/p>\n<p>T\u00e9l\u00e9charger <a href=\"https:\/\/www.pierre-le-cycliste.fr\/voyages\/2024-7-Velo-en-Oisans.pdf\">Journal de randonn\u00e9e en Oisans du 17 au 28 juin 2024<\/a> : 32 Mo<\/p>\n","protected":false},"excerpt":{"rendered":"<p>T\u00e9l\u00e9charger Journal de randonn\u00e9e en Oisans du 17 au 28 juin 2024 : 32 Mo<\/p>\n","protected":false},"author":1,"featured_media":0,"parent":0,"menu_order":0,"comment_status":"closed","ping_status":"closed","template":"","meta":{"footnotes":""},"class_list":["post-6338","page","type-page","status-publish","hentry"],"_links":{"self":[{"href":"https:\/\/www.pierre-le-cycliste.fr\/index.php\/wp-json\/wp\/v2\/pages\/6338","targetHints":{"allow":["GET"]}}],"collection":[{"href":"https:\/\/www.pierre-le-cycliste.fr\/index.php\/wp-json\/wp\/v2\/pages"}],"about":[{"href":"https:\/\/www.pierre-le-cycliste.fr\/index.php\/wp-json\/wp\/v2\/types\/page"}],"author":[{"embeddable":true,"href":"https:\/\/www.pierre-le-cycliste.fr\/index.php\/wp-json\/wp\/v2\/users\/1"}],"replies":[{"embeddable":true,"href":"https:\/\/www.pierre-le-cycliste.fr\/index.php\/wp-json\/wp\/v2\/comments?post=6338"}],"version-history":[{"count":1,"href":"https:\/\/www.pierre-le-cycliste.fr\/index.php\/wp-json\/wp\/v2\/pages\/6338\/revisions"}],"predecessor-version":[{"id":6340,"href":"https:\/\/www.pierre-le-cycliste.fr\/index.php\/wp-json\/wp\/v2\/pages\/6338\/revisions\/6340"}],"wp:attachment":[{"href":"https:\/\/www.pierre-le-cycliste.fr\/index.php\/wp-json\/wp\/v2\/media?parent=6338"}],"curies":[{"name":"wp","href":"https:\/\/api.w.org\/{rel}","templated":true}]}}