{"id":7966,"date":"2025-10-30T11:28:57","date_gmt":"2025-10-30T10:28:57","guid":{"rendered":"https:\/\/www.pierre-le-cycliste.fr\/?page_id=7966"},"modified":"2025-10-30T11:28:57","modified_gmt":"2025-10-30T10:28:57","slug":"2025-3-alpes-europeennes","status":"publish","type":"page","link":"https:\/\/www.pierre-le-cycliste.fr\/index.php\/2025-3-alpes-europeennes\/","title":{"rendered":"2025-3-Alpes Europ\u00e9ennes"},"content":{"rendered":"<p><img loading=\"lazy\" decoding=\"async\" src=\"https:\/\/www.pierre-le-cycliste.fr\/wp-content\/uploads\/2025\/10\/Page-de-garde-Alpes-Europeennes.jpg\" alt=\"\" width=\"566\" height=\"813\" class=\"alignnone size-full wp-image-7967\" srcset=\"https:\/\/www.pierre-le-cycliste.fr\/wp-content\/uploads\/2025\/10\/Page-de-garde-Alpes-Europeennes.jpg 566w, https:\/\/www.pierre-le-cycliste.fr\/wp-content\/uploads\/2025\/10\/Page-de-garde-Alpes-Europeennes-209x300.jpg 209w\" sizes=\"auto, (max-width: 566px) 100vw, 566px\" \/><\/p>\n<p>T\u00e9l\u00e9charger <a href=\"https:\/\/www.pierre-le-cycliste.fr\/voyages\/2025-3-Les-Alpes-Europeennes.pdf\">Journal de randonn\u00e9e dans les Alpes Europ\u00e9ennes du 28 mai au 25 juin 2025<\/a> : 177 Mo<\/p>\n","protected":false},"excerpt":{"rendered":"<p>T\u00e9l\u00e9charger Journal de randonn\u00e9e dans les Alpes Europ\u00e9ennes du 28 mai au 25 juin 2025 : 177 Mo<\/p>\n","protected":false},"author":1,"featured_media":0,"parent":0,"menu_order":0,"comment_status":"closed","ping_status":"closed","template":"","meta":{"footnotes":""},"class_list":["post-7966","page","type-page","status-publish","hentry"],"_links":{"self":[{"href":"https:\/\/www.pierre-le-cycliste.fr\/index.php\/wp-json\/wp\/v2\/pages\/7966","targetHints":{"allow":["GET"]}}],"collection":[{"href":"https:\/\/www.pierre-le-cycliste.fr\/index.php\/wp-json\/wp\/v2\/pages"}],"about":[{"href":"https:\/\/www.pierre-le-cycliste.fr\/index.php\/wp-json\/wp\/v2\/types\/page"}],"author":[{"embeddable":true,"href":"https:\/\/www.pierre-le-cycliste.fr\/index.php\/wp-json\/wp\/v2\/users\/1"}],"replies":[{"embeddable":true,"href":"https:\/\/www.pierre-le-cycliste.fr\/index.php\/wp-json\/wp\/v2\/comments?post=7966"}],"version-history":[{"count":1,"href":"https:\/\/www.pierre-le-cycliste.fr\/index.php\/wp-json\/wp\/v2\/pages\/7966\/revisions"}],"predecessor-version":[{"id":7968,"href":"https:\/\/www.pierre-le-cycliste.fr\/index.php\/wp-json\/wp\/v2\/pages\/7966\/revisions\/7968"}],"wp:attachment":[{"href":"https:\/\/www.pierre-le-cycliste.fr\/index.php\/wp-json\/wp\/v2\/media?parent=7966"}],"curies":[{"name":"wp","href":"https:\/\/api.w.org\/{rel}","templated":true}]}}