{"id":7996,"date":"2025-11-24T16:33:37","date_gmt":"2025-11-24T15:33:37","guid":{"rendered":"https:\/\/www.pierre-le-cycliste.fr\/?page_id=7996"},"modified":"2025-11-24T16:33:37","modified_gmt":"2025-11-24T15:33:37","slug":"2024-6-ardechoise","status":"publish","type":"page","link":"https:\/\/www.pierre-le-cycliste.fr\/index.php\/2024-6-ardechoise\/","title":{"rendered":"2024-6-Ard\u00e9choise"},"content":{"rendered":"<p><img loading=\"lazy\" decoding=\"async\" src=\"https:\/\/www.pierre-le-cycliste.fr\/wp-content\/uploads\/2025\/11\/Page-de-Garde-Ardechoise.jpg\" alt=\"\" width=\"657\" height=\"802\" class=\"alignnone size-full wp-image-7997\" srcset=\"https:\/\/www.pierre-le-cycliste.fr\/wp-content\/uploads\/2025\/11\/Page-de-Garde-Ardechoise.jpg 657w, https:\/\/www.pierre-le-cycliste.fr\/wp-content\/uploads\/2025\/11\/Page-de-Garde-Ardechoise-246x300.jpg 246w\" sizes=\"auto, (max-width: 657px) 100vw, 657px\" \/><\/p>\n<p>T\u00e9l\u00e9charger <a href=\"https:\/\/www.pierre-le-cycliste.fr\/voyages\/2024-6-Ard\u00e9choise.pdf\">Journal de l&rsquo;Ard\u00e9choise<\/a> : 64 Mo<\/p>\n","protected":false},"excerpt":{"rendered":"<p>T\u00e9l\u00e9charger Journal de l&rsquo;Ard\u00e9choise : 64 Mo<\/p>\n","protected":false},"author":1,"featured_media":0,"parent":0,"menu_order":0,"comment_status":"closed","ping_status":"closed","template":"","meta":{"footnotes":""},"class_list":["post-7996","page","type-page","status-publish","hentry"],"_links":{"self":[{"href":"https:\/\/www.pierre-le-cycliste.fr\/index.php\/wp-json\/wp\/v2\/pages\/7996","targetHints":{"allow":["GET"]}}],"collection":[{"href":"https:\/\/www.pierre-le-cycliste.fr\/index.php\/wp-json\/wp\/v2\/pages"}],"about":[{"href":"https:\/\/www.pierre-le-cycliste.fr\/index.php\/wp-json\/wp\/v2\/types\/page"}],"author":[{"embeddable":true,"href":"https:\/\/www.pierre-le-cycliste.fr\/index.php\/wp-json\/wp\/v2\/users\/1"}],"replies":[{"embeddable":true,"href":"https:\/\/www.pierre-le-cycliste.fr\/index.php\/wp-json\/wp\/v2\/comments?post=7996"}],"version-history":[{"count":1,"href":"https:\/\/www.pierre-le-cycliste.fr\/index.php\/wp-json\/wp\/v2\/pages\/7996\/revisions"}],"predecessor-version":[{"id":7998,"href":"https:\/\/www.pierre-le-cycliste.fr\/index.php\/wp-json\/wp\/v2\/pages\/7996\/revisions\/7998"}],"wp:attachment":[{"href":"https:\/\/www.pierre-le-cycliste.fr\/index.php\/wp-json\/wp\/v2\/media?parent=7996"}],"curies":[{"name":"wp","href":"https:\/\/api.w.org\/{rel}","templated":true}]}}