{"id":8021,"date":"2026-02-14T17:02:39","date_gmt":"2026-02-14T16:02:39","guid":{"rendered":"https:\/\/www.pierre-le-cycliste.fr\/?page_id=8021"},"modified":"2026-02-14T17:02:39","modified_gmt":"2026-02-14T16:02:39","slug":"1975-foret-noire-et-alsace","status":"publish","type":"page","link":"https:\/\/www.pierre-le-cycliste.fr\/index.php\/1975-foret-noire-et-alsace\/","title":{"rendered":"1975 For\u00eat Noire et Alsace"},"content":{"rendered":"<p>Je me rappelle tr\u00e8s bien de balades \u00e0 v\u00e9lo pendant mes week-ends de service militaire de d\u00e9but avril \u00e0 la mi-septembre 1975 alors que j&rsquo;\u00e9tais affect\u00e9 au 33 \u00e8me du R\u00e9giment du G\u00e9nie \u00e0 Kehl.<\/p>\n<p>Je me rappelle aussi tr\u00e8s bien de notre voyage, mon fr\u00e8re et moi, de Kehl \u00e0 Nice au mois de juin 1975, mais je n&rsquo;ai aucun souvenir, si ce n&rsquo;est ces photos dans le document \u00e0 t\u00e9l\u00e9charger, de voyage avec mon fr\u00e8re en Alsace, entre avril et septembre 1975. <\/p>\n<p>La derni\u00e8re photo, tr\u00e8s mauvaise, est bien identifi\u00e9e, c&rsquo;est fin septembre. Je venais d&rsquo;\u00eatre lib\u00e9r\u00e9 de mon r\u00e9giment et Fran\u00e7ois, dont les vacances \u00e9tudiantes n&rsquo;\u00e9taient pas termin\u00e9es, m&rsquo;avait rejoint et nous devions rentrer \u00e0 v\u00e9lo \u00e0 Paris. Le premier soir, apr\u00e8s les formalit\u00e9s de lib\u00e9ration et une quarantaine de kilom\u00e8tres, nous avions d\u00fb dormir du c\u00f4t\u00e9 de Saverne, et le lendemain nous avions rejoint Nancy \u00e0 une centaine de kilom\u00e8tres avec un terrible vent de face. Sans espoir d&rsquo;am\u00e9lioration le lendemain, nous avions termin\u00e9 en train.<\/p>\n<p>T\u00e9l\u00e9charger <a href=\"https:\/\/www.pierre-le-cycliste.fr\/voyages\/1975-Alsace-Vosges-For\u00eat-Noire.pdf\">1975 For\u00eat Noire et Alsace<\/a> : 39 Mo<\/p>\n","protected":false},"excerpt":{"rendered":"<p>Je me rappelle tr\u00e8s bien de balades \u00e0 v\u00e9lo pendant mes week-ends de service militaire de d\u00e9but avril \u00e0 la mi-septembre 1975 alors que j&rsquo;\u00e9tais affect\u00e9 au 33 \u00e8me du R\u00e9giment du G\u00e9nie \u00e0 Kehl. Je me rappelle aussi tr\u00e8s &hellip; <a href=\"https:\/\/www.pierre-le-cycliste.fr\/index.php\/1975-foret-noire-et-alsace\/\">Continuer la lecture <span class=\"meta-nav\">&rarr;<\/span><\/a><\/p>\n","protected":false},"author":1,"featured_media":0,"parent":0,"menu_order":0,"comment_status":"closed","ping_status":"closed","template":"","meta":{"footnotes":""},"class_list":["post-8021","page","type-page","status-publish","hentry"],"_links":{"self":[{"href":"https:\/\/www.pierre-le-cycliste.fr\/index.php\/wp-json\/wp\/v2\/pages\/8021","targetHints":{"allow":["GET"]}}],"collection":[{"href":"https:\/\/www.pierre-le-cycliste.fr\/index.php\/wp-json\/wp\/v2\/pages"}],"about":[{"href":"https:\/\/www.pierre-le-cycliste.fr\/index.php\/wp-json\/wp\/v2\/types\/page"}],"author":[{"embeddable":true,"href":"https:\/\/www.pierre-le-cycliste.fr\/index.php\/wp-json\/wp\/v2\/users\/1"}],"replies":[{"embeddable":true,"href":"https:\/\/www.pierre-le-cycliste.fr\/index.php\/wp-json\/wp\/v2\/comments?post=8021"}],"version-history":[{"count":2,"href":"https:\/\/www.pierre-le-cycliste.fr\/index.php\/wp-json\/wp\/v2\/pages\/8021\/revisions"}],"predecessor-version":[{"id":8023,"href":"https:\/\/www.pierre-le-cycliste.fr\/index.php\/wp-json\/wp\/v2\/pages\/8021\/revisions\/8023"}],"wp:attachment":[{"href":"https:\/\/www.pierre-le-cycliste.fr\/index.php\/wp-json\/wp\/v2\/media?parent=8021"}],"curies":[{"name":"wp","href":"https:\/\/api.w.org\/{rel}","templated":true}]}}