{"id":8071,"date":"2026-02-15T17:29:50","date_gmt":"2026-02-15T16:29:50","guid":{"rendered":"https:\/\/www.pierre-le-cycliste.fr\/?page_id=8071"},"modified":"2026-02-15T17:29:50","modified_gmt":"2026-02-15T16:29:50","slug":"2000-nantes-limoges-perigueux-saintes-731-km","status":"publish","type":"page","link":"https:\/\/www.pierre-le-cycliste.fr\/index.php\/2000-nantes-limoges-perigueux-saintes-731-km\/","title":{"rendered":"2000 Nantes Limoges P\u00e9rigueux Saintes 731 km"},"content":{"rendered":"<p><img loading=\"lazy\" decoding=\"async\" src=\"https:\/\/www.pierre-le-cycliste.fr\/wp-content\/uploads\/2026\/02\/2000-La-Chapelle-sur-Erdre-Limoges-Perigueux-Saintes-avec-Chantal-731km.jpg\" alt=\"\" width=\"762\" height=\"722\" class=\"alignnone size-full wp-image-8065\" \/><\/p>\n<p>T\u00e9l\u00e9charger <a href=\"https:\/\/www.pierre-le-cycliste.fr\/voyages\/2000-La-Chapelle-sur-Erdre-Limoges-Perigueux-Saintes-avec-Chantal-731km.pdf\">2000 Nantes Limoges P\u00e9rigueux Saintes 731 km<\/a> : 18 Mo<\/p>\n","protected":false},"excerpt":{"rendered":"<p>T\u00e9l\u00e9charger 2000 Nantes Limoges P\u00e9rigueux Saintes 731 km : 18 Mo<\/p>\n","protected":false},"author":1,"featured_media":0,"parent":0,"menu_order":0,"comment_status":"closed","ping_status":"closed","template":"","meta":{"footnotes":""},"class_list":["post-8071","page","type-page","status-publish","hentry"],"_links":{"self":[{"href":"https:\/\/www.pierre-le-cycliste.fr\/index.php\/wp-json\/wp\/v2\/pages\/8071","targetHints":{"allow":["GET"]}}],"collection":[{"href":"https:\/\/www.pierre-le-cycliste.fr\/index.php\/wp-json\/wp\/v2\/pages"}],"about":[{"href":"https:\/\/www.pierre-le-cycliste.fr\/index.php\/wp-json\/wp\/v2\/types\/page"}],"author":[{"embeddable":true,"href":"https:\/\/www.pierre-le-cycliste.fr\/index.php\/wp-json\/wp\/v2\/users\/1"}],"replies":[{"embeddable":true,"href":"https:\/\/www.pierre-le-cycliste.fr\/index.php\/wp-json\/wp\/v2\/comments?post=8071"}],"version-history":[{"count":1,"href":"https:\/\/www.pierre-le-cycliste.fr\/index.php\/wp-json\/wp\/v2\/pages\/8071\/revisions"}],"predecessor-version":[{"id":8072,"href":"https:\/\/www.pierre-le-cycliste.fr\/index.php\/wp-json\/wp\/v2\/pages\/8071\/revisions\/8072"}],"wp:attachment":[{"href":"https:\/\/www.pierre-le-cycliste.fr\/index.php\/wp-json\/wp\/v2\/media?parent=8071"}],"curies":[{"name":"wp","href":"https:\/\/api.w.org\/{rel}","templated":true}]}}