{"id":8083,"date":"2026-02-17T15:00:43","date_gmt":"2026-02-17T14:00:43","guid":{"rendered":"https:\/\/www.pierre-le-cycliste.fr\/?page_id=8083"},"modified":"2026-02-17T15:00:43","modified_gmt":"2026-02-17T14:00:43","slug":"2003-vacances-a-doucy-combelouviere","status":"publish","type":"page","link":"https:\/\/www.pierre-le-cycliste.fr\/index.php\/2003-vacances-a-doucy-combelouviere\/","title":{"rendered":"2003 Vacances \u00e0 Doucy-Combelouvi\u00e8re"},"content":{"rendered":"<p><img loading=\"lazy\" decoding=\"async\" src=\"https:\/\/www.pierre-le-cycliste.fr\/wp-content\/uploads\/2026\/02\/2003-Doucy-Combelouviere.jpg\" alt=\"\" width=\"710\" height=\"878\" class=\"alignnone size-full wp-image-8082\" srcset=\"https:\/\/www.pierre-le-cycliste.fr\/wp-content\/uploads\/2026\/02\/2003-Doucy-Combelouviere.jpg 710w, https:\/\/www.pierre-le-cycliste.fr\/wp-content\/uploads\/2026\/02\/2003-Doucy-Combelouviere-243x300.jpg 243w\" sizes=\"auto, (max-width: 710px) 100vw, 710px\" \/><\/p>\n<p>T\u00e9l\u00e9charger <a href=\"https:\/\/www.pierre-le-cycliste.fr\/voyages\/2003-Vacances-\u00e0-Doucy-Combelouvi\u00e8re.pdf\">2003 Vacances \u00e0 Doucy-Combelouvi\u00e8re<\/a> : 28 Mo<\/p>\n","protected":false},"excerpt":{"rendered":"<p>T\u00e9l\u00e9charger 2003 Vacances \u00e0 Doucy-Combelouvi\u00e8re : 28 Mo<\/p>\n","protected":false},"author":1,"featured_media":0,"parent":0,"menu_order":0,"comment_status":"closed","ping_status":"closed","template":"","meta":{"footnotes":""},"class_list":["post-8083","page","type-page","status-publish","hentry"],"_links":{"self":[{"href":"https:\/\/www.pierre-le-cycliste.fr\/index.php\/wp-json\/wp\/v2\/pages\/8083","targetHints":{"allow":["GET"]}}],"collection":[{"href":"https:\/\/www.pierre-le-cycliste.fr\/index.php\/wp-json\/wp\/v2\/pages"}],"about":[{"href":"https:\/\/www.pierre-le-cycliste.fr\/index.php\/wp-json\/wp\/v2\/types\/page"}],"author":[{"embeddable":true,"href":"https:\/\/www.pierre-le-cycliste.fr\/index.php\/wp-json\/wp\/v2\/users\/1"}],"replies":[{"embeddable":true,"href":"https:\/\/www.pierre-le-cycliste.fr\/index.php\/wp-json\/wp\/v2\/comments?post=8083"}],"version-history":[{"count":1,"href":"https:\/\/www.pierre-le-cycliste.fr\/index.php\/wp-json\/wp\/v2\/pages\/8083\/revisions"}],"predecessor-version":[{"id":8084,"href":"https:\/\/www.pierre-le-cycliste.fr\/index.php\/wp-json\/wp\/v2\/pages\/8083\/revisions\/8084"}],"wp:attachment":[{"href":"https:\/\/www.pierre-le-cycliste.fr\/index.php\/wp-json\/wp\/v2\/media?parent=8083"}],"curies":[{"name":"wp","href":"https:\/\/api.w.org\/{rel}","templated":true}]}}