{"id":8094,"date":"2026-02-19T08:32:26","date_gmt":"2026-02-19T07:32:26","guid":{"rendered":"https:\/\/www.pierre-le-cycliste.fr\/?page_id=8094"},"modified":"2026-02-19T08:32:26","modified_gmt":"2026-02-19T07:32:26","slug":"2005-de-tourcoing-a-quernes-un-tour-de-hollande-1229-km","status":"publish","type":"page","link":"https:\/\/www.pierre-le-cycliste.fr\/index.php\/2005-de-tourcoing-a-quernes-un-tour-de-hollande-1229-km\/","title":{"rendered":"2005 De Tourcoing \u00e0 Quernes, un tour de Hollande 1229 km"},"content":{"rendered":"<p><img loading=\"lazy\" decoding=\"async\" src=\"https:\/\/www.pierre-le-cycliste.fr\/wp-content\/uploads\/2026\/02\/2005-Tour-de-Hollande-1229km.jpg\" alt=\"\" width=\"1002\" height=\"939\" class=\"alignnone size-full wp-image-8093\" srcset=\"https:\/\/www.pierre-le-cycliste.fr\/wp-content\/uploads\/2026\/02\/2005-Tour-de-Hollande-1229km.jpg 1002w, https:\/\/www.pierre-le-cycliste.fr\/wp-content\/uploads\/2026\/02\/2005-Tour-de-Hollande-1229km-300x281.jpg 300w, https:\/\/www.pierre-le-cycliste.fr\/wp-content\/uploads\/2026\/02\/2005-Tour-de-Hollande-1229km-768x720.jpg 768w\" sizes=\"auto, (max-width: 1002px) 100vw, 1002px\" \/><\/p>\n<p>T\u00e9l\u00e9charger <a href=\"https:\/\/www.pierre-le-cycliste.fr\/voyages\/2005-Tour-de-Hollande-1229km.pdf\">2005 De Tourcoing \u00e0 Quernes, un tour de Hollande 1229 km<\/a> : gros fichier de 464 Mo<\/p>\n","protected":false},"excerpt":{"rendered":"<p>T\u00e9l\u00e9charger 2005 De Tourcoing \u00e0 Quernes, un tour de Hollande 1229 km : gros fichier de 464 Mo<\/p>\n","protected":false},"author":1,"featured_media":0,"parent":0,"menu_order":0,"comment_status":"closed","ping_status":"closed","template":"","meta":{"footnotes":""},"class_list":["post-8094","page","type-page","status-publish","hentry"],"_links":{"self":[{"href":"https:\/\/www.pierre-le-cycliste.fr\/index.php\/wp-json\/wp\/v2\/pages\/8094","targetHints":{"allow":["GET"]}}],"collection":[{"href":"https:\/\/www.pierre-le-cycliste.fr\/index.php\/wp-json\/wp\/v2\/pages"}],"about":[{"href":"https:\/\/www.pierre-le-cycliste.fr\/index.php\/wp-json\/wp\/v2\/types\/page"}],"author":[{"embeddable":true,"href":"https:\/\/www.pierre-le-cycliste.fr\/index.php\/wp-json\/wp\/v2\/users\/1"}],"replies":[{"embeddable":true,"href":"https:\/\/www.pierre-le-cycliste.fr\/index.php\/wp-json\/wp\/v2\/comments?post=8094"}],"version-history":[{"count":1,"href":"https:\/\/www.pierre-le-cycliste.fr\/index.php\/wp-json\/wp\/v2\/pages\/8094\/revisions"}],"predecessor-version":[{"id":8095,"href":"https:\/\/www.pierre-le-cycliste.fr\/index.php\/wp-json\/wp\/v2\/pages\/8094\/revisions\/8095"}],"wp:attachment":[{"href":"https:\/\/www.pierre-le-cycliste.fr\/index.php\/wp-json\/wp\/v2\/media?parent=8094"}],"curies":[{"name":"wp","href":"https:\/\/api.w.org\/{rel}","templated":true}]}}