{"id":896,"date":"2024-03-05T15:53:34","date_gmt":"2024-03-05T14:53:34","guid":{"rendered":"https:\/\/www.pierre-le-cycliste.fr\/?page_id=896"},"modified":"2025-11-19T18:52:58","modified_gmt":"2025-11-19T17:52:58","slug":"le-journal-du-grand-defi-railcoop","status":"publish","type":"page","link":"https:\/\/www.pierre-le-cycliste.fr\/index.php\/le-journal-du-grand-defi-railcoop\/","title":{"rendered":"2024-3-Le Journal du Grand D\u00e9fi Railcoop"},"content":{"rendered":"<p><img loading=\"lazy\" decoding=\"async\" src=\"https:\/\/www.pierre-le-cycliste.fr\/wp-content\/uploads\/2024\/03\/PagedeGardeGrandDefiRailcoop-1.jpg\" alt=\"\" width=\"538\" height=\"785\" class=\"alignnone size-full wp-image-899\" srcset=\"https:\/\/www.pierre-le-cycliste.fr\/wp-content\/uploads\/2024\/03\/PagedeGardeGrandDefiRailcoop-1.jpg 538w, https:\/\/www.pierre-le-cycliste.fr\/wp-content\/uploads\/2024\/03\/PagedeGardeGrandDefiRailcoop-1-206x300.jpg 206w\" sizes=\"auto, (max-width: 538px) 100vw, 538px\" \/><\/p>\n<p>T\u00e9l\u00e9charger <a href=\"https:\/\/www.pierre-le-cycliste.fr\/voyages\/2024-3-Journal-du-Grand-D\u00e9fi-Railcoop.pdf\">Le Journal du Grand D\u00e9fi Railcoop<\/a> : 100 Mo<\/p>\n","protected":false},"excerpt":{"rendered":"<p>T\u00e9l\u00e9charger Le Journal du Grand D\u00e9fi Railcoop : 100 Mo<\/p>\n","protected":false},"author":1,"featured_media":0,"parent":0,"menu_order":0,"comment_status":"closed","ping_status":"closed","template":"","meta":{"footnotes":""},"class_list":["post-896","page","type-page","status-publish","hentry"],"_links":{"self":[{"href":"https:\/\/www.pierre-le-cycliste.fr\/index.php\/wp-json\/wp\/v2\/pages\/896","targetHints":{"allow":["GET"]}}],"collection":[{"href":"https:\/\/www.pierre-le-cycliste.fr\/index.php\/wp-json\/wp\/v2\/pages"}],"about":[{"href":"https:\/\/www.pierre-le-cycliste.fr\/index.php\/wp-json\/wp\/v2\/types\/page"}],"author":[{"embeddable":true,"href":"https:\/\/www.pierre-le-cycliste.fr\/index.php\/wp-json\/wp\/v2\/users\/1"}],"replies":[{"embeddable":true,"href":"https:\/\/www.pierre-le-cycliste.fr\/index.php\/wp-json\/wp\/v2\/comments?post=896"}],"version-history":[{"count":12,"href":"https:\/\/www.pierre-le-cycliste.fr\/index.php\/wp-json\/wp\/v2\/pages\/896\/revisions"}],"predecessor-version":[{"id":7987,"href":"https:\/\/www.pierre-le-cycliste.fr\/index.php\/wp-json\/wp\/v2\/pages\/896\/revisions\/7987"}],"wp:attachment":[{"href":"https:\/\/www.pierre-le-cycliste.fr\/index.php\/wp-json\/wp\/v2\/media?parent=896"}],"curies":[{"name":"wp","href":"https:\/\/api.w.org\/{rel}","templated":true}]}}